{"id":6,"date":"2018-03-15T07:13:23","date_gmt":"2018-03-15T10:13:23","guid":{"rendered":"http:\/\/www.quickservice.com.br\/?page_id=6"},"modified":"2024-03-07T16:20:19","modified_gmt":"2024-03-07T19:20:19","slug":"home","status":"publish","type":"page","link":"https:\/\/www.quickservice.com.br\/","title":{"rendered":"Home"},"content":{"rendered":"<section class=\"wpb-content-wrapper\"><p class=\"lead\">[vc_row css=&#8221;.vc_custom_1532736871441{margin-bottom: 0px !important;background-position: center !important;background-repeat: no-repeat !important;background-size: cover !important;}&#8221; el_id=&#8221;slider&#8221;][vc_column css=&#8221;.vc_custom_1532736839756{margin-bottom: 0px !important;}&#8221;][rev_slider_vc alias=&#8221;home&#8221;][\/vc_column][\/vc_row][vc_row css=&#8221;.vc_custom_1521134425238{padding-top: 50px !important;padding-bottom: 50px !important;background-image: url(http:\/\/www.quickservice.com.br\/wp-content\/uploads\/2018\/03\/quemsomos.jpg?id=22) !important;background-position: center !important;background-repeat: no-repeat !important;background-size: cover !important;}&#8221; el_id=&#8221;quem-somos&#8221; el_class=&#8221;anchor&#8221;][vc_column][vc_row_inner el_class=&#8221;container&#8221;][vc_column_inner width=&#8221;1\/2&#8243;][vc_column_text]<\/p>\n<h1>QUEM SOMOS<\/h1>\n<p>Somos um time de especialistas em servi\u00e7os com mais de 30 anos de experi\u00eancia nas maiores e mais conceituadas empresas no ramo m\u00e9dico e odontol\u00f3gico, atuando na \u00e1rea de IMAGEM e CAD\/CAM.<\/p>\n<p>A <strong>QUICK SERVICE<\/strong> surgiu com o intuito de se tornar refer\u00eancia no mercado em nossa \u00e1rea de atua\u00e7\u00e3o.<\/p>\n<p>Temos uma equipe qualificada e eficiente, comprometida em superar as expectativas dos nossos Clientes. Sempre atuando com seriedade, transpar\u00eancia e sobretudo, respeito. Presamos sempre pela qualidade e agilidade do atendimento, estando prontos para atender e satisfazer as necessidades dos nossos clientes.[\/vc_column_text][\/vc_column_inner][vc_column_inner width=&#8221;1\/2&#8243; offset=&#8221;vc_hidden-xs&#8221;][\/vc_column_inner][\/vc_row_inner][\/vc_column][\/vc_row][vc_row el_id=&#8221;servicos&#8221; el_class=&#8221;anchor&#8221; css=&#8221;.vc_custom_1521135457687{margin-top: 20px !important;margin-bottom: 20px !important;}&#8221;][vc_column][vc_row_inner content_placement=&#8221;middle&#8221; el_class=&#8221;container&#8221;][vc_column_inner][vc_column_text]<\/p>\n<div style=\"text-align: center;\">\n<h1>Servi\u00e7os<\/h1>\n<\/div>\n<p>[\/vc_column_text][\/vc_column_inner][\/vc_row_inner][vc_row_inner content_placement=&#8221;middle&#8221; el_class=&#8221;container box-service&#8221; css=&#8221;.vc_custom_1521135786149{margin-bottom: 30px !important;padding-top: 20px !important;padding-bottom: 20px !important;}&#8221;][vc_column_inner el_class=&#8221;column1&#8243; width=&#8221;1\/4&#8243; css=&#8221;.vc_custom_1521135537597{padding-top: 20px !important;padding-bottom: 20px !important;}&#8221;][vc_single_image image=&#8221;38&#8243; img_size=&#8221;full&#8221; alignment=&#8221;center&#8221; css=&#8221;.vc_custom_1521135603214{margin-bottom: 20px !important;}&#8221;][vc_column_text]<\/p>\n<h2 style=\"text-align: center;\">Instala\u00e7\u00e3o<\/h2>\n<p>[\/vc_column_text][\/vc_column_inner][vc_column_inner width=&#8221;3\/4&#8243;][vc_column_text]Realizamos a Instala\u00e7\u00e3o de seu equipamento, seja ele novo ou usado, sempre levando em considera\u00e7\u00e3o os padr\u00f5es exigidos pelo fabricante.<\/p>\n<p>Assessorando no planejamento da sala que ir\u00e1 receber o equipamento, identificando pontos de energia, pontos de rede, condu\u00edtes para passar os cabos necess\u00e1rios e identificando o melhor plano de instala\u00e7\u00e3o dos perif\u00e9ricos.[\/vc_column_text][\/vc_column_inner][\/vc_row_inner][vc_row_inner content_placement=&#8221;middle&#8221; el_class=&#8221;container box-service&#8221; css=&#8221;.vc_custom_1521135765627{margin-bottom: 30px !important;padding-top: 20px !important;padding-bottom: 20px !important;}&#8221;][vc_column_inner el_class=&#8221;column1&#8243; width=&#8221;1\/4&#8243; css=&#8221;.vc_custom_1521135537597{padding-top: 20px !important;padding-bottom: 20px !important;}&#8221;][vc_single_image image=&#8221;38&#8243; img_size=&#8221;full&#8221; alignment=&#8221;center&#8221; css=&#8221;.vc_custom_1521135603214{margin-bottom: 20px !important;}&#8221;][vc_column_text]<\/p>\n<h2 style=\"text-align: center;\">TRANSFER\u00caNCIA DE<br \/>\nEQUIPAMENTOS<\/h2>\n<p>[\/vc_column_text][\/vc_column_inner][vc_column_inner width=&#8221;3\/4&#8243;][vc_column_text]Seja qual for o motivo da transfer\u00eancia, venda do equipamento ou mudan\u00e7a de sua cl\u00ednica, a equipe t\u00e9cnica da QUICK SERVICE vai at\u00e9 seu local, realiza a desmontagem do seu equipamento, colocando em embalagens apropriadas, deixando-a pronta para o transporte. Ap\u00f3s a chegada do equipamento no seu novo local, realizamos todo o processo de instala\u00e7\u00e3o em sua nova sala.[\/vc_column_text][\/vc_column_inner][\/vc_row_inner][vc_row_inner content_placement=&#8221;middle&#8221; el_class=&#8221;container box-service&#8221; css=&#8221;.vc_custom_1521135850363{margin-bottom: 30px !important;padding-top: 20px !important;padding-bottom: 20px !important;}&#8221;][vc_column_inner el_class=&#8221;column1&#8243; width=&#8221;1\/4&#8243; css=&#8221;.vc_custom_1521135537597{padding-top: 20px !important;padding-bottom: 20px !important;}&#8221;][vc_single_image image=&#8221;38&#8243; img_size=&#8221;full&#8221; alignment=&#8221;center&#8221; css=&#8221;.vc_custom_1521135603214{margin-bottom: 20px !important;}&#8221;][vc_column_text]<\/p>\n<h2 style=\"text-align: center;\">MANUTEN\u00c7\u00c3O<br \/>\nPREVENTIVA<\/h2>\n<p>[\/vc_column_text][\/vc_column_inner][vc_column_inner width=&#8221;3\/4&#8243;][vc_column_text]A manuten\u00e7\u00e3o preventiva consiste em realizar uma revis\u00e3o em seu equipamento, verificando quais pe\u00e7as est\u00e3o apresentando desgaste e realizando a troca delas. Realizamos tamb\u00e9m uma limpeza interna de seu equipamento e ap\u00f3s isso, uma lubrifica\u00e7\u00e3o dos principais componentes como fusos e partes mec\u00e2nicas que as necessitam.<\/p>\n<p>Tudo isso tem como objetivo evitar a parada inesperada de seu equipamento, reduzindo assim as paradas para manuten\u00e7\u00e3o corretiva e aumentando o faturamento de sua cl\u00ednica.[\/vc_column_text][\/vc_column_inner][\/vc_row_inner][vc_row_inner content_placement=&#8221;middle&#8221; el_class=&#8221;container box-service&#8221; css=&#8221;.vc_custom_1521135802574{margin-bottom: 30px !important;padding-top: 20px !important;padding-bottom: 20px !important;}&#8221;][vc_column_inner el_class=&#8221;column1&#8243; width=&#8221;1\/4&#8243; css=&#8221;.vc_custom_1521135537597{padding-top: 20px !important;padding-bottom: 20px !important;}&#8221;][vc_single_image image=&#8221;38&#8243; img_size=&#8221;full&#8221; alignment=&#8221;center&#8221; css=&#8221;.vc_custom_1521135603214{margin-bottom: 20px !important;}&#8221;][vc_column_text]<\/p>\n<h2 style=\"text-align: center;\">MANUTEN\u00c7\u00c3O<br \/>\nCORRETIVA<\/h2>\n<p>[\/vc_column_text][\/vc_column_inner][vc_column_inner width=&#8221;3\/4&#8243;][vc_column_text]Com foco na agilidade e qualidade no atendimento, realizamos primeiramente um acesso remoto em seu equipamento para fazer um pr\u00e9-diagnostico, com isso detectamos os poss\u00edveis erros e falhas que est\u00e3o ocorrendo, assim conseguimos ir at\u00e9 o local de atendimento j\u00e1 com as poss\u00edveis pe\u00e7as defeituosas em m\u00e3os, reduzindo o tempo de log\u00edstica de pe\u00e7as e ent\u00e3o realizamos a troca das pe\u00e7as necess\u00e1rias, sempre no menor tempo poss\u00edvel, minimizando assim o tempo de seu equipamento parado.[\/vc_column_text][\/vc_column_inner][\/vc_row_inner][vc_row_inner content_placement=&#8221;middle&#8221; el_class=&#8221;container box-service&#8221; css=&#8221;.vc_custom_1521135839482{padding-top: 20px !important;padding-bottom: 20px !important;}&#8221;][vc_column_inner el_class=&#8221;column1&#8243; width=&#8221;1\/4&#8243; css=&#8221;.vc_custom_1521135537597{padding-top: 20px !important;padding-bottom: 20px !important;}&#8221;][vc_single_image image=&#8221;38&#8243; img_size=&#8221;full&#8221; alignment=&#8221;center&#8221; css=&#8221;.vc_custom_1521135603214{margin-bottom: 20px !important;}&#8221;][vc_column_text]<\/p>\n<h2 style=\"text-align: center;\">INTERMEDIA\u00c7\u00c3O<br \/>\nDE VENDA<\/h2>\n<p>[\/vc_column_text][\/vc_column_inner][vc_column_inner width=&#8221;3\/4&#8243;][vc_column_text]Caso queira vender seu equipamentos, contate-nos informando qual o modelo que deseja vender e verificaremos se algum de nossos clientes tem interesse na compra, facilitando assim a venda do mesmo.[\/vc_column_text][\/vc_column_inner][\/vc_row_inner][\/vc_column][\/vc_row][vc_row el_id=&#8221;pecas-e-equipamentos&#8221; el_class=&#8221;anchor&#8221; css=&#8221;.vc_custom_1521146862754{margin-top: 30px !important;padding-top: 30px !important;padding-bottom: 60px !important;background-image: url(http:\/\/www.quickservice.com.br\/wp-content\/uploads\/2018\/03\/background_pecas.jpg?id=48) !important;background-position: center !important;background-repeat: no-repeat !important;background-size: cover !important;}&#8221;][vc_column][vc_row_inner el_class=&#8221;container&#8221;][vc_column_inner][vc_column_text]<\/p>\n<div style=\"text-align: center;\">\n<h1>PE\u00c7AS E EQUIPAMENTOS<\/h1>\n<\/div>\n<p>[\/vc_column_text][\/vc_column_inner][\/vc_row_inner][vc_row_inner content_placement=&#8221;top&#8221; el_class=&#8221;container&#8221;][vc_column_inner el_class=&#8221;column&#8221; width=&#8221;1\/2&#8243; css=&#8221;.vc_custom_1521146671664{padding-top: 0px !important;background-position: center !important;background-repeat: no-repeat !important;background-size: contain !important;}&#8221;][vc_column_text]<\/p>\n<h2>Pe\u00e7as<\/h2>\n<p>Trabalhamos com pe\u00e7as novas, usadas e recondicionadas. Tudo para atender a melhor necessidade de nosso cliente, sempre com o melhor pre\u00e7o e qualidade.<\/p>\n<p>Temos um estoque com v\u00e1rias pe\u00e7as a pronta entrega, diminuindo assim o tempo com log\u00edstica e entrega.[\/vc_column_text][\/vc_column_inner][vc_column_inner el_class=&#8221;column&#8221; width=&#8221;1\/2&#8243; css=&#8221;.vc_custom_1521146675364{padding-top: 0px !important;}&#8221;][vc_column_text]<\/p>\n<h2>Equipamentos<\/h2>\n<p>N\u00f3s da <strong>Quick Service<\/strong>, compramos e vendemos equipamentos usados e semi-novos sempre revisados e com garantia, como tamb\u00e9m podemos intermediar a venda de um cliente nosso.<br \/>\nContate-nos e adquira j\u00e1 seu equipamento.[\/vc_column_text][\/vc_column_inner][\/vc_row_inner][\/vc_column][\/vc_row][vc_row el_id=&#8221;contato&#8221; el_class=&#8221;anchor&#8221;][vc_column css=&#8221;.vc_custom_1521139178994{margin-top: 0px !important;margin-right: 0px !important;margin-bottom: 0px !important;margin-left: 0px !important;border-top-width: 0px !important;border-right-width: 0px !important;border-bottom-width: 0px !important;border-left-width: 0px !important;padding-top: 0px !important;padding-right: 0px !important;padding-bottom: 0px !important;padding-left: 0px !important;}&#8221;][vc_gmaps link=&#8221;#E-8_JTNDaWZyYW1lJTIwc3JjJTNEJTIyaHR0cHMlM0ElMkYlMkZ3d3cuZ29vZ2xlLmNvbSUyRm1hcHMlMkZlbWJlZCUzRnBiJTNEJTIxMW0xOCUyMTFtMTIlMjExbTMlMjExZDIxNzQuMTQxMjY2Nzg2Njg0JTIxMmQtNDYuNTU5MTM2MTcwNjE4NzIlMjEzZC0yMy41ODgwMDI2MjcwNTY1MTUlMjEybTMlMjExZjAlMjEyZjAlMjEzZjAlMjEzbTIlMjExaTEwMjQlMjEyaTc2OCUyMTRmMTMuMSUyMTNtMyUyMTFtMiUyMTFzMHg5NGNlNWM0ZTQyZTQ4Zjk5JTI1M0EweDc2Y2E1MWU4MzVkM2IxNDIlMjEyc1IuJTI1MjBQbGFuYWx0byUyNTIwZGUlMjUyMENvbnF1aXN0YSUyNTJDJTI1MjAxNTclMjUyMC0lMjUyMFZpbGElMjUyMEluZGVwZW5kZW5jaWElMjUyQyUyNTIwUyUyNUMzJTI1QTNvJTI1MjBQYXVsbyUyNTIwLSUyNTIwU1AlMjUyQyUyNTIwMDMyMjMtMTcwJTIxNWUwJTIxM20yJTIxMXNwdC1CUiUyMTJzYnIlMjE0djE3MDk4MzkwOTQxNDglMjE1bTIlMjExc3B0LUJSJTIxMnNiciUyMiUyMHdpZHRoJTNEJTIyNjAwJTIyJTIwaGVpZ2h0JTNEJTIyNDUwJTIyJTIwc3R5bGUlM0QlMjJib3JkZXIlM0EwJTNCJTIyJTIwYWxsb3dmdWxsc2NyZWVuJTNEJTIyJTIyJTIwbG9hZGluZyUzRCUyMmxhenklMjIlMjByZWZlcnJlcnBvbGljeSUzRCUyMm5vLXJlZmVycmVyLXdoZW4tZG93bmdyYWRlJTIyJTNFJTNDJTJGaWZyYW1lJTNF&#8221; css=&#8221;.vc_custom_1709839132310{margin-top: 0px !important;margin-right: 0px !important;margin-bottom: 0px !important;margin-left: 0px !important;padding-top: 0px !important;padding-right: 0px !important;padding-bottom: 0px !important;padding-left: 0px !important;}&#8221; el_class=&#8221;map&#8221;][\/vc_column][\/vc_row][vc_row el_id=&#8221;address&#8221; el_class=&#8221;container&#8221; css=&#8221;.vc_custom_1521147830441{margin-top: 80px !important;}&#8221;][vc_column width=&#8221;1\/2&#8243;][vc_row_inner][vc_column_inner width=&#8221;1\/6&#8243; offset=&#8221;vc_hidden-sm vc_hidden-xs&#8221;][vc_icon icon_fontawesome=&#8221;fa fa-map-marker&#8221; color=&#8221;white&#8221; background_style=&#8221;rounded&#8221; background_color=&#8221;custom&#8221; align=&#8221;right&#8221; custom_background_color=&#8221;#00a9dc&#8221;][\/vc_column_inner][vc_column_inner width=&#8221;5\/6&#8243; offset=&#8221;vc_col-sm-offset-0&#8243;][vc_column_text]Rua Planalto de Conquista, 157,<br \/>\nJd. Independ\u00eancia, S\u00e3o Paulo[\/vc_column_text][\/vc_column_inner][\/vc_row_inner][vc_row_inner][vc_column_inner width=&#8221;1\/6&#8243; offset=&#8221;vc_hidden-sm vc_hidden-xs&#8221;][vc_icon icon_fontawesome=&#8221;fa fa-phone&#8221; color=&#8221;white&#8221; background_style=&#8221;rounded&#8221; background_color=&#8221;custom&#8221; align=&#8221;right&#8221; custom_background_color=&#8221;#00a9dc&#8221;][\/vc_column_inner][vc_column_inner width=&#8221;5\/6&#8243;][vc_column_text]+55 11 2373 1700<br \/>\n+55 11 2373 1803[\/vc_column_text][\/vc_column_inner][\/vc_row_inner][vc_row_inner content_placement=&#8221;middle&#8221;][vc_column_inner width=&#8221;1\/6&#8243; offset=&#8221;vc_hidden-sm vc_hidden-xs&#8221;][vc_icon icon_fontawesome=&#8221;fa fa-envelope-open&#8221; color=&#8221;white&#8221; background_style=&#8221;rounded&#8221; background_color=&#8221;custom&#8221; align=&#8221;right&#8221; custom_background_color=&#8221;#00a9dc&#8221;][\/vc_column_inner][vc_column_inner width=&#8221;5\/6&#8243;][vc_column_text]<a href=\"mailto:contato@quickservice.com.br\">contato@quickservice.com.br<\/a>[\/vc_column_text][\/vc_column_inner][\/vc_row_inner][\/vc_column][vc_column width=&#8221;1\/2&#8243;][vc_column_text]\n<div class=\"wpcf7 no-js\" id=\"wpcf7-f4-o1\" lang=\"pt-BR\" dir=\"ltr\">\n<div class=\"screen-reader-response\"><p role=\"status\" aria-live=\"polite\" aria-atomic=\"true\"><\/p> <ul><\/ul><\/div>\n<form action=\"\/index.php?rest_route=%2Fwp%2Fv2%2Fpages%2F6#wpcf7-f4-o1\" method=\"post\" class=\"wpcf7-form init\" aria-label=\"Formul\u00e1rios de contato\" novalidate=\"novalidate\" data-status=\"init\">\n<div style=\"display: none;\">\n<input type=\"hidden\" name=\"_wpcf7\" value=\"4\" \/>\n<input type=\"hidden\" name=\"_wpcf7_version\" value=\"5.7.7\" \/>\n<input type=\"hidden\" name=\"_wpcf7_locale\" value=\"pt_BR\" \/>\n<input type=\"hidden\" name=\"_wpcf7_unit_tag\" value=\"wpcf7-f4-o1\" \/>\n<input type=\"hidden\" name=\"_wpcf7_container_post\" value=\"0\" \/>\n<input type=\"hidden\" name=\"_wpcf7_posted_data_hash\" value=\"\" \/>\n<\/div>\n<p><span class=\"wpcf7-form-control-wrap\" data-name=\"your-name\"><input size=\"40\" class=\"wpcf7-form-control wpcf7-text wpcf7-validates-as-required\" aria-required=\"true\" aria-invalid=\"false\" placeholder=\"Nome*\" value=\"\" type=\"text\" name=\"your-name\" \/><\/span>\n<\/p>\n<p><span class=\"wpcf7-form-control-wrap\" data-name=\"your-email\"><input size=\"40\" class=\"wpcf7-form-control wpcf7-text wpcf7-email wpcf7-validates-as-required wpcf7-validates-as-email\" aria-required=\"true\" aria-invalid=\"false\" placeholder=\"E-mail*\" value=\"\" type=\"email\" name=\"your-email\" \/><\/span>\n<\/p>\n<p><span class=\"wpcf7-form-control-wrap\" data-name=\"your-subject\"><input size=\"40\" class=\"wpcf7-form-control wpcf7-text wpcf7-validates-as-required\" aria-required=\"true\" aria-invalid=\"false\" placeholder=\"Assunto*\" value=\"\" type=\"text\" name=\"your-subject\" \/><\/span>\n<\/p>\n<p><span class=\"wpcf7-form-control-wrap\" data-name=\"your-message\"><textarea cols=\"40\" rows=\"10\" class=\"wpcf7-form-control wpcf7-textarea wpcf7-validates-as-required\" aria-required=\"true\" aria-invalid=\"false\" placeholder=\"Mensagem\" name=\"your-message\"><\/textarea><\/span>\n<\/p>\n<p><input class=\"wpcf7-form-control has-spinner wpcf7-submit\" type=\"submit\" value=\"Enviar\" \/>\n<\/p><div class=\"wpcf7-response-output\" aria-hidden=\"true\"><\/div>\n<\/form>\n<\/div>\n[\/vc_column_text][\/vc_column][\/vc_row]<\/p>\n<\/section>","protected":false},"excerpt":{"rendered":"<p>[vc_row css=&#8221;.vc_custom_1532736871441{margin-bottom: 0px !important;background-position: center !important;background-repeat: no-repeat !important;background-size: cover !important;}&#8221; el_id=&#8221;slider&#8221;][vc_column css=&#8221;.vc_custom_1532736839756{margin-bottom: 0px !important;}&#8221;][rev_slider_vc alias=&#8221;home&#8221;][\/vc_column][\/vc_row][vc_row css=&#8221;.vc_custom_1521134425238{padding-top: 50px !important;padding-bottom: 50px !important;background-image: url(http:\/\/www.quickservice.com.br\/wp-content\/uploads\/2018\/03\/quemsomos.jpg?id=22) !important;background-position: center !important;background-repeat: no-repeat !important;background-size: cover !important;}&#8221; el_id=&#8221;quem-somos&#8221; el_class=&#8221;anchor&#8221;][vc_column][vc_row_inner el_class=&#8221;container&#8221;][vc_column_inner width=&#8221;1\/2&#8243;][vc_column_text] QUEM SOMOS Somos um time de especialistas em servi\u00e7os com mais de 30 anos de experi\u00eancia nas maiores e mais conceituadas empresas no&#8230;  <a href=\"https:\/\/www.quickservice.com.br\/\" class=\"more-link\" title=\"Read Home\">Read more &raquo;<\/a><\/p>\n","protected":false},"author":1,"featured_media":0,"parent":0,"menu_order":0,"comment_status":"closed","ping_status":"closed","template":"page-full-width.php","meta":[],"_links":{"self":[{"href":"https:\/\/www.quickservice.com.br\/index.php?rest_route=\/wp\/v2\/pages\/6"}],"collection":[{"href":"https:\/\/www.quickservice.com.br\/index.php?rest_route=\/wp\/v2\/pages"}],"about":[{"href":"https:\/\/www.quickservice.com.br\/index.php?rest_route=\/wp\/v2\/types\/page"}],"author":[{"embeddable":true,"href":"https:\/\/www.quickservice.com.br\/index.php?rest_route=\/wp\/v2\/users\/1"}],"replies":[{"embeddable":true,"href":"https:\/\/www.quickservice.com.br\/index.php?rest_route=%2Fwp%2Fv2%2Fcomments&post=6"}],"version-history":[{"count":69,"href":"https:\/\/www.quickservice.com.br\/index.php?rest_route=\/wp\/v2\/pages\/6\/revisions"}],"predecessor-version":[{"id":106,"href":"https:\/\/www.quickservice.com.br\/index.php?rest_route=\/wp\/v2\/pages\/6\/revisions\/106"}],"wp:attachment":[{"href":"https:\/\/www.quickservice.com.br\/index.php?rest_route=%2Fwp%2Fv2%2Fmedia&parent=6"}],"curies":[{"name":"wp","href":"https:\/\/api.w.org\/{rel}","templated":true}]}}